{"id":340,"date":"2022-07-25T19:05:31","date_gmt":"2022-07-25T17:05:31","guid":{"rendered":"https:\/\/janbsfoto.dk\/?page_id=340"},"modified":"2023-12-07T15:32:36","modified_gmt":"2023-12-07T14:32:36","slug":"levering","status":"publish","type":"page","link":"https:\/\/janbsfoto.dk\/index.php\/levering\/","title":{"rendered":"Levering"},"content":{"rendered":"\n<figure class=\"wp-block-image size-large is-resized\"><img fetchpriority=\"high\" decoding=\"async\" src=\"https:\/\/janbsfoto.dk\/wp-content\/uploads\/2022\/08\/A085B700-05BF-4351-978C-4611A000D99F-819x1024.jpeg\" alt=\"\" class=\"wp-image-505\" width=\"205\" height=\"256\" srcset=\"https:\/\/janbsfoto.dk\/wp-content\/uploads\/2022\/08\/A085B700-05BF-4351-978C-4611A000D99F-819x1024.jpeg 819w, https:\/\/janbsfoto.dk\/wp-content\/uploads\/2022\/08\/A085B700-05BF-4351-978C-4611A000D99F-240x300.jpeg 240w, https:\/\/janbsfoto.dk\/wp-content\/uploads\/2022\/08\/A085B700-05BF-4351-978C-4611A000D99F-768x960.jpeg 768w, https:\/\/janbsfoto.dk\/wp-content\/uploads\/2022\/08\/A085B700-05BF-4351-978C-4611A000D99F-1228x1536.jpeg 1228w, https:\/\/janbsfoto.dk\/wp-content\/uploads\/2022\/08\/A085B700-05BF-4351-978C-4611A000D99F-720x900.jpeg 720w, https:\/\/janbsfoto.dk\/wp-content\/uploads\/2022\/08\/A085B700-05BF-4351-978C-4611A000D99F.jpeg 1585w\" sizes=\"(max-width: 205px) 100vw, 205px\" \/><\/figure>\n\n\n\n<p>Efter vores fotosession tager jeg hjem og sorterer og grovredigerer billederne. Derefter f\u00e5r du mulighed for at udv\u00e6lge op til fem billeder, som jeg efterf\u00f8lgende f\u00e6rdigredigerer. Det endelige resultat kan du herefter downloade fra min hjemmeside.  (Du f\u00e5r selvf\u00f8lgelig et kodeord, s\u00e5 det kun er dig, der kan se og downloade dine billeder).<\/p>\n\n\n\n<p>Billederne m\u00e5 du frit anvende til privat brug. Det vil sige du m\u00e5 printe billederne, give dem som gave eller bruge dem p\u00e5 egne sociale medier.<\/p>\n\n\n\n<p>Hvis du \u00f8nsker at bruge billederne p\u00e5 anden m\u00e5de herunder redigering af billederne (bortset fra besk\u00e6ring), skal du have min tilladelse.<\/p>\n","protected":false},"excerpt":{"rendered":"<p>Efter vores fotosession tager jeg [&hellip;]<\/p>\n","protected":false},"author":1,"featured_media":0,"parent":0,"menu_order":0,"comment_status":"closed","ping_status":"closed","template":"","meta":{"_monsterinsights_skip_tracking":false,"_monsterinsights_sitenote_active":false,"_monsterinsights_sitenote_note":"","_monsterinsights_sitenote_category":0,"footnotes":""},"class_list":["post-340","page","type-page","status-publish","hentry"],"yoast_head":"<!-- This site is optimized with the Yoast SEO plugin v27.5 - https:\/\/yoast.com\/product\/yoast-seo-wordpress\/ -->\n<title>Levering - Hjemmefotografering<\/title>\n<meta name=\"description\" content=\"Billederne m\u00e5 du frit anvende til privat brug. Du m\u00e5 printe billederne, give dem som gave eller bruge dem p\u00e5 egne sociale medier.\" \/>\n<meta name=\"robots\" content=\"index, follow, max-snippet:-1, max-image-preview:large, max-video-preview:-1\" \/>\n<link rel=\"canonical\" href=\"https:\/\/janbsfoto.dk\/index.php\/levering\/\" \/>\n<meta property=\"og:locale\" content=\"da_DK\" \/>\n<meta property=\"og:type\" content=\"article\" \/>\n<meta property=\"og:title\" content=\"Levering - Hjemmefotografering\" \/>\n<meta property=\"og:description\" content=\"Billederne m\u00e5 du frit anvende til privat brug. Du m\u00e5 printe billederne, give dem som gave eller bruge dem p\u00e5 egne sociale medier.\" \/>\n<meta property=\"og:url\" content=\"https:\/\/janbsfoto.dk\/index.php\/levering\/\" \/>\n<meta property=\"og:site_name\" content=\"Hjemmefotografering\" \/>\n<meta property=\"article:modified_time\" content=\"2023-12-07T14:32:36+00:00\" \/>\n<meta property=\"og:image\" content=\"https:\/\/janbsfoto.dk\/wp-content\/uploads\/2022\/08\/A085B700-05BF-4351-978C-4611A000D99F-819x1024.jpeg\" \/>\n<meta name=\"twitter:card\" content=\"summary_large_image\" \/>\n<meta name=\"twitter:label1\" content=\"Estimeret l\u00e6setid\" \/>\n\t<meta name=\"twitter:data1\" content=\"1 minut\" \/>\n<script type=\"application\/ld+json\" class=\"yoast-schema-graph\">{\"@context\":\"https:\\\/\\\/schema.org\",\"@graph\":[{\"@type\":\"WebPage\",\"@id\":\"https:\\\/\\\/janbsfoto.dk\\\/index.php\\\/levering\\\/\",\"url\":\"https:\\\/\\\/janbsfoto.dk\\\/index.php\\\/levering\\\/\",\"name\":\"Levering - Hjemmefotografering\",\"isPartOf\":{\"@id\":\"https:\\\/\\\/janbsfoto.dk\\\/#website\"},\"primaryImageOfPage\":{\"@id\":\"https:\\\/\\\/janbsfoto.dk\\\/index.php\\\/levering\\\/#primaryimage\"},\"image\":{\"@id\":\"https:\\\/\\\/janbsfoto.dk\\\/index.php\\\/levering\\\/#primaryimage\"},\"thumbnailUrl\":\"https:\\\/\\\/janbsfoto.dk\\\/wp-content\\\/uploads\\\/2022\\\/08\\\/A085B700-05BF-4351-978C-4611A000D99F-819x1024.jpeg\",\"datePublished\":\"2022-07-25T17:05:31+00:00\",\"dateModified\":\"2023-12-07T14:32:36+00:00\",\"description\":\"Billederne m\u00e5 du frit anvende til privat brug. Du m\u00e5 printe billederne, give dem som gave eller bruge dem p\u00e5 egne sociale medier.\",\"breadcrumb\":{\"@id\":\"https:\\\/\\\/janbsfoto.dk\\\/index.php\\\/levering\\\/#breadcrumb\"},\"inLanguage\":\"da-DK\",\"potentialAction\":[{\"@type\":\"ReadAction\",\"target\":[\"https:\\\/\\\/janbsfoto.dk\\\/index.php\\\/levering\\\/\"]}]},{\"@type\":\"ImageObject\",\"inLanguage\":\"da-DK\",\"@id\":\"https:\\\/\\\/janbsfoto.dk\\\/index.php\\\/levering\\\/#primaryimage\",\"url\":\"https:\\\/\\\/janbsfoto.dk\\\/wp-content\\\/uploads\\\/2022\\\/08\\\/A085B700-05BF-4351-978C-4611A000D99F.jpeg\",\"contentUrl\":\"https:\\\/\\\/janbsfoto.dk\\\/wp-content\\\/uploads\\\/2022\\\/08\\\/A085B700-05BF-4351-978C-4611A000D99F.jpeg\",\"width\":1585,\"height\":1982},{\"@type\":\"BreadcrumbList\",\"@id\":\"https:\\\/\\\/janbsfoto.dk\\\/index.php\\\/levering\\\/#breadcrumb\",\"itemListElement\":[{\"@type\":\"ListItem\",\"position\":1,\"name\":\"Hjem\",\"item\":\"https:\\\/\\\/janbsfoto.dk\\\/\"},{\"@type\":\"ListItem\",\"position\":2,\"name\":\"Levering\"}]},{\"@type\":\"WebSite\",\"@id\":\"https:\\\/\\\/janbsfoto.dk\\\/#website\",\"url\":\"https:\\\/\\\/janbsfoto.dk\\\/\",\"name\":\"Hjemmefotografering\",\"description\":\"Personlige billeder i trygge rammer\",\"publisher\":{\"@id\":\"https:\\\/\\\/janbsfoto.dk\\\/#\\\/schema\\\/person\\\/8466fdb922f10e5dbc378bec3bc77812\"},\"potentialAction\":[{\"@type\":\"SearchAction\",\"target\":{\"@type\":\"EntryPoint\",\"urlTemplate\":\"https:\\\/\\\/janbsfoto.dk\\\/?s={search_term_string}\"},\"query-input\":{\"@type\":\"PropertyValueSpecification\",\"valueRequired\":true,\"valueName\":\"search_term_string\"}}],\"inLanguage\":\"da-DK\"},{\"@type\":[\"Person\",\"Organization\"],\"@id\":\"https:\\\/\\\/janbsfoto.dk\\\/#\\\/schema\\\/person\\\/8466fdb922f10e5dbc378bec3bc77812\",\"name\":\"admin\",\"image\":{\"@type\":\"ImageObject\",\"inLanguage\":\"da-DK\",\"@id\":\"https:\\\/\\\/janbsfoto.dk\\\/wp-content\\\/uploads\\\/2022\\\/07\\\/1AAB8D71-EA2B-4453-8645-688EB0ACC0DC.jpeg\",\"url\":\"https:\\\/\\\/janbsfoto.dk\\\/wp-content\\\/uploads\\\/2022\\\/07\\\/1AAB8D71-EA2B-4453-8645-688EB0ACC0DC.jpeg\",\"contentUrl\":\"https:\\\/\\\/janbsfoto.dk\\\/wp-content\\\/uploads\\\/2022\\\/07\\\/1AAB8D71-EA2B-4453-8645-688EB0ACC0DC.jpeg\",\"width\":2560,\"height\":2560,\"caption\":\"admin\"},\"logo\":{\"@id\":\"https:\\\/\\\/janbsfoto.dk\\\/wp-content\\\/uploads\\\/2022\\\/07\\\/1AAB8D71-EA2B-4453-8645-688EB0ACC0DC.jpeg\"},\"sameAs\":[\"https:\\\/\\\/janbsfoto.dk\"]}]}<\/script>\n<!-- \/ Yoast SEO plugin. -->","yoast_head_json":{"title":"Levering - Hjemmefotografering","description":"Billederne m\u00e5 du frit anvende til privat brug. Du m\u00e5 printe billederne, give dem som gave eller bruge dem p\u00e5 egne sociale medier.","robots":{"index":"index","follow":"follow","max-snippet":"max-snippet:-1","max-image-preview":"max-image-preview:large","max-video-preview":"max-video-preview:-1"},"canonical":"https:\/\/janbsfoto.dk\/index.php\/levering\/","og_locale":"da_DK","og_type":"article","og_title":"Levering - Hjemmefotografering","og_description":"Billederne m\u00e5 du frit anvende til privat brug. Du m\u00e5 printe billederne, give dem som gave eller bruge dem p\u00e5 egne sociale medier.","og_url":"https:\/\/janbsfoto.dk\/index.php\/levering\/","og_site_name":"Hjemmefotografering","article_modified_time":"2023-12-07T14:32:36+00:00","og_image":[{"url":"https:\/\/janbsfoto.dk\/wp-content\/uploads\/2022\/08\/A085B700-05BF-4351-978C-4611A000D99F-819x1024.jpeg","type":"","width":"","height":""}],"twitter_card":"summary_large_image","twitter_misc":{"Estimeret l\u00e6setid":"1 minut"},"schema":{"@context":"https:\/\/schema.org","@graph":[{"@type":"WebPage","@id":"https:\/\/janbsfoto.dk\/index.php\/levering\/","url":"https:\/\/janbsfoto.dk\/index.php\/levering\/","name":"Levering - Hjemmefotografering","isPartOf":{"@id":"https:\/\/janbsfoto.dk\/#website"},"primaryImageOfPage":{"@id":"https:\/\/janbsfoto.dk\/index.php\/levering\/#primaryimage"},"image":{"@id":"https:\/\/janbsfoto.dk\/index.php\/levering\/#primaryimage"},"thumbnailUrl":"https:\/\/janbsfoto.dk\/wp-content\/uploads\/2022\/08\/A085B700-05BF-4351-978C-4611A000D99F-819x1024.jpeg","datePublished":"2022-07-25T17:05:31+00:00","dateModified":"2023-12-07T14:32:36+00:00","description":"Billederne m\u00e5 du frit anvende til privat brug. Du m\u00e5 printe billederne, give dem som gave eller bruge dem p\u00e5 egne sociale medier.","breadcrumb":{"@id":"https:\/\/janbsfoto.dk\/index.php\/levering\/#breadcrumb"},"inLanguage":"da-DK","potentialAction":[{"@type":"ReadAction","target":["https:\/\/janbsfoto.dk\/index.php\/levering\/"]}]},{"@type":"ImageObject","inLanguage":"da-DK","@id":"https:\/\/janbsfoto.dk\/index.php\/levering\/#primaryimage","url":"https:\/\/janbsfoto.dk\/wp-content\/uploads\/2022\/08\/A085B700-05BF-4351-978C-4611A000D99F.jpeg","contentUrl":"https:\/\/janbsfoto.dk\/wp-content\/uploads\/2022\/08\/A085B700-05BF-4351-978C-4611A000D99F.jpeg","width":1585,"height":1982},{"@type":"BreadcrumbList","@id":"https:\/\/janbsfoto.dk\/index.php\/levering\/#breadcrumb","itemListElement":[{"@type":"ListItem","position":1,"name":"Hjem","item":"https:\/\/janbsfoto.dk\/"},{"@type":"ListItem","position":2,"name":"Levering"}]},{"@type":"WebSite","@id":"https:\/\/janbsfoto.dk\/#website","url":"https:\/\/janbsfoto.dk\/","name":"Hjemmefotografering","description":"Personlige billeder i trygge rammer","publisher":{"@id":"https:\/\/janbsfoto.dk\/#\/schema\/person\/8466fdb922f10e5dbc378bec3bc77812"},"potentialAction":[{"@type":"SearchAction","target":{"@type":"EntryPoint","urlTemplate":"https:\/\/janbsfoto.dk\/?s={search_term_string}"},"query-input":{"@type":"PropertyValueSpecification","valueRequired":true,"valueName":"search_term_string"}}],"inLanguage":"da-DK"},{"@type":["Person","Organization"],"@id":"https:\/\/janbsfoto.dk\/#\/schema\/person\/8466fdb922f10e5dbc378bec3bc77812","name":"admin","image":{"@type":"ImageObject","inLanguage":"da-DK","@id":"https:\/\/janbsfoto.dk\/wp-content\/uploads\/2022\/07\/1AAB8D71-EA2B-4453-8645-688EB0ACC0DC.jpeg","url":"https:\/\/janbsfoto.dk\/wp-content\/uploads\/2022\/07\/1AAB8D71-EA2B-4453-8645-688EB0ACC0DC.jpeg","contentUrl":"https:\/\/janbsfoto.dk\/wp-content\/uploads\/2022\/07\/1AAB8D71-EA2B-4453-8645-688EB0ACC0DC.jpeg","width":2560,"height":2560,"caption":"admin"},"logo":{"@id":"https:\/\/janbsfoto.dk\/wp-content\/uploads\/2022\/07\/1AAB8D71-EA2B-4453-8645-688EB0ACC0DC.jpeg"},"sameAs":["https:\/\/janbsfoto.dk"]}]}},"jetpack_sharing_enabled":true,"_links":{"self":[{"href":"https:\/\/janbsfoto.dk\/index.php\/wp-json\/wp\/v2\/pages\/340","targetHints":{"allow":["GET"]}}],"collection":[{"href":"https:\/\/janbsfoto.dk\/index.php\/wp-json\/wp\/v2\/pages"}],"about":[{"href":"https:\/\/janbsfoto.dk\/index.php\/wp-json\/wp\/v2\/types\/page"}],"author":[{"embeddable":true,"href":"https:\/\/janbsfoto.dk\/index.php\/wp-json\/wp\/v2\/users\/1"}],"replies":[{"embeddable":true,"href":"https:\/\/janbsfoto.dk\/index.php\/wp-json\/wp\/v2\/comments?post=340"}],"version-history":[{"count":4,"href":"https:\/\/janbsfoto.dk\/index.php\/wp-json\/wp\/v2\/pages\/340\/revisions"}],"predecessor-version":[{"id":517,"href":"https:\/\/janbsfoto.dk\/index.php\/wp-json\/wp\/v2\/pages\/340\/revisions\/517"}],"wp:attachment":[{"href":"https:\/\/janbsfoto.dk\/index.php\/wp-json\/wp\/v2\/media?parent=340"}],"curies":[{"name":"wp","href":"https:\/\/api.w.org\/{rel}","templated":true}]}}