{"id":348,"date":"2022-07-26T13:47:13","date_gmt":"2022-07-26T11:47:13","guid":{"rendered":"https:\/\/janbsfoto.dk\/?page_id=348"},"modified":"2023-12-15T10:31:30","modified_gmt":"2023-12-15T09:31:30","slug":"gratis-portraetfotografering-i-nordsjaelland","status":"publish","type":"page","link":"https:\/\/janbsfoto.dk\/index.php\/gratis-portraetfotografering-i-nordsjaelland\/","title":{"rendered":"Gratis portr\u00e6tfotografering"},"content":{"rendered":"\n<p><strong><em>Gratis portr\u00e6tfotografering i Nordsj\u00e6lland<\/em><\/strong><\/p>\n\n\n\n<figure class=\"wp-block-image size-large is-resized\"><img fetchpriority=\"high\" decoding=\"async\" width=\"819\" height=\"1024\" src=\"https:\/\/janbsfoto.dk\/wp-content\/uploads\/2022\/08\/39B589BB-095D-472B-AD00-A9224A9070D4-819x1024.jpeg\" alt=\"\" class=\"wp-image-507\" style=\"width:205px;height:256px\" srcset=\"https:\/\/janbsfoto.dk\/wp-content\/uploads\/2022\/08\/39B589BB-095D-472B-AD00-A9224A9070D4-819x1024.jpeg 819w, https:\/\/janbsfoto.dk\/wp-content\/uploads\/2022\/08\/39B589BB-095D-472B-AD00-A9224A9070D4-240x300.jpeg 240w, https:\/\/janbsfoto.dk\/wp-content\/uploads\/2022\/08\/39B589BB-095D-472B-AD00-A9224A9070D4-768x960.jpeg 768w, https:\/\/janbsfoto.dk\/wp-content\/uploads\/2022\/08\/39B589BB-095D-472B-AD00-A9224A9070D4-1229x1536.jpeg 1229w, https:\/\/janbsfoto.dk\/wp-content\/uploads\/2022\/08\/39B589BB-095D-472B-AD00-A9224A9070D4-1639x2048.jpeg 1639w, https:\/\/janbsfoto.dk\/wp-content\/uploads\/2022\/08\/39B589BB-095D-472B-AD00-A9224A9070D4-720x900.jpeg 720w, https:\/\/janbsfoto.dk\/wp-content\/uploads\/2022\/08\/39B589BB-095D-472B-AD00-A9224A9070D4.jpeg 1707w\" sizes=\"(max-width: 819px) 100vw, 819px\" \/><\/figure>\n\n\n\n<p>Jeg har fotograferet siden jeg var helt ung, men har f\u00f8rst nu kastet mig over portr\u00e6tfotografiet, selvom jeg altid har v\u00e6ret fascineret af det.<\/p>\n\n\n\n<p>Mit m\u00e5l med dette tilbud er at f\u00e5 opbygget erfaring med portr\u00e6tfotografering &#8211; og gerne en portefolio med portr\u00e6tfotos.<\/p>\n\n\n\n<p>Jeg s\u00f8ger derfor personer til gratis fotografering. Eneste krav er, at jeg m\u00e5 benytte billederne i min portfolio\/markedsf\u00f8ring.<\/p>\n\n\n\n<p>Jeg vil gl\u00e6de mig til at lave nogle rigtig gode billeder af dig. S\u00e5 kontakt mig p\u00e5 mobilnummer eller send en mail. Skriv gerne lidt om dig selv samt hvilke \u00f8nsker\/forestillinger du har til billederne.<\/p>\n\n\n\n<p>Tryghed og naturlighed forenes \u2013 V\u00e6lg en portr\u00e6tfotografering i dit eget hjem og oplev en afslappet og behagelig atmosf\u00e6re.<\/p>\n\n\n\n<p><\/p>\n","protected":false},"excerpt":{"rendered":"<p>Gratis portr\u00e6tfotografering i Nordsj\u00e6lland Jeg [&hellip;]<\/p>\n","protected":false},"author":1,"featured_media":0,"parent":0,"menu_order":0,"comment_status":"closed","ping_status":"closed","template":"","meta":{"_monsterinsights_skip_tracking":false,"_monsterinsights_sitenote_active":false,"_monsterinsights_sitenote_note":"","_monsterinsights_sitenote_category":0,"footnotes":""},"class_list":["post-348","page","type-page","status-publish","hentry"],"yoast_head":"<!-- This site is optimized with the Yoast SEO plugin v27.4 - https:\/\/yoast.com\/product\/yoast-seo-wordpress\/ -->\n<title>Gratis portr\u00e6tfotografering - Hjemmefotografering<\/title>\n<meta name=\"description\" content=\"Jeg s\u00f8ger personer til gratis portr\u00e6tfotografering i Nordsj\u00e6lland mod at jeg m\u00e5 benytte billederne i min portfolio\/markedsf\u00f8ring. Gl\u00e6der mig til at h\u00f8re fra dig.\" \/>\n<meta name=\"robots\" content=\"index, follow, max-snippet:-1, max-image-preview:large, max-video-preview:-1\" \/>\n<link rel=\"canonical\" href=\"https:\/\/janbsfoto.dk\/index.php\/gratis-portraetfotografering-i-nordsjaelland\/\" \/>\n<meta property=\"og:locale\" content=\"da_DK\" \/>\n<meta property=\"og:type\" content=\"article\" \/>\n<meta property=\"og:title\" content=\"Gratis portr\u00e6tfotografering - Hjemmefotografering\" \/>\n<meta property=\"og:description\" content=\"Jeg s\u00f8ger personer til gratis portr\u00e6tfotografering i Nordsj\u00e6lland mod at jeg m\u00e5 benytte billederne i min portfolio\/markedsf\u00f8ring. Gl\u00e6der mig til at h\u00f8re fra dig.\" \/>\n<meta property=\"og:url\" content=\"https:\/\/janbsfoto.dk\/index.php\/gratis-portraetfotografering-i-nordsjaelland\/\" \/>\n<meta property=\"og:site_name\" content=\"Hjemmefotografering\" \/>\n<meta property=\"article:modified_time\" content=\"2023-12-15T09:31:30+00:00\" \/>\n<meta property=\"og:image\" content=\"https:\/\/janbsfoto.dk\/wp-content\/uploads\/2022\/08\/39B589BB-095D-472B-AD00-A9224A9070D4-819x1024.jpeg\" \/>\n<meta name=\"twitter:card\" content=\"summary_large_image\" \/>\n<meta name=\"twitter:label1\" content=\"Estimeret l\u00e6setid\" \/>\n\t<meta name=\"twitter:data1\" content=\"1 minut\" \/>\n<script type=\"application\/ld+json\" class=\"yoast-schema-graph\">{\"@context\":\"https:\\\/\\\/schema.org\",\"@graph\":[{\"@type\":\"WebPage\",\"@id\":\"https:\\\/\\\/janbsfoto.dk\\\/index.php\\\/gratis-portraetfotografering-i-nordsjaelland\\\/\",\"url\":\"https:\\\/\\\/janbsfoto.dk\\\/index.php\\\/gratis-portraetfotografering-i-nordsjaelland\\\/\",\"name\":\"Gratis portr\u00e6tfotografering - Hjemmefotografering\",\"isPartOf\":{\"@id\":\"https:\\\/\\\/janbsfoto.dk\\\/#website\"},\"primaryImageOfPage\":{\"@id\":\"https:\\\/\\\/janbsfoto.dk\\\/index.php\\\/gratis-portraetfotografering-i-nordsjaelland\\\/#primaryimage\"},\"image\":{\"@id\":\"https:\\\/\\\/janbsfoto.dk\\\/index.php\\\/gratis-portraetfotografering-i-nordsjaelland\\\/#primaryimage\"},\"thumbnailUrl\":\"https:\\\/\\\/janbsfoto.dk\\\/wp-content\\\/uploads\\\/2022\\\/08\\\/39B589BB-095D-472B-AD00-A9224A9070D4-819x1024.jpeg\",\"datePublished\":\"2022-07-26T11:47:13+00:00\",\"dateModified\":\"2023-12-15T09:31:30+00:00\",\"description\":\"Jeg s\u00f8ger personer til gratis portr\u00e6tfotografering i Nordsj\u00e6lland mod at jeg m\u00e5 benytte billederne i min portfolio\\\/markedsf\u00f8ring. Gl\u00e6der mig til at h\u00f8re fra dig.\",\"breadcrumb\":{\"@id\":\"https:\\\/\\\/janbsfoto.dk\\\/index.php\\\/gratis-portraetfotografering-i-nordsjaelland\\\/#breadcrumb\"},\"inLanguage\":\"da-DK\",\"potentialAction\":[{\"@type\":\"ReadAction\",\"target\":[\"https:\\\/\\\/janbsfoto.dk\\\/index.php\\\/gratis-portraetfotografering-i-nordsjaelland\\\/\"]}]},{\"@type\":\"ImageObject\",\"inLanguage\":\"da-DK\",\"@id\":\"https:\\\/\\\/janbsfoto.dk\\\/index.php\\\/gratis-portraetfotografering-i-nordsjaelland\\\/#primaryimage\",\"url\":\"https:\\\/\\\/janbsfoto.dk\\\/wp-content\\\/uploads\\\/2022\\\/08\\\/39B589BB-095D-472B-AD00-A9224A9070D4.jpeg\",\"contentUrl\":\"https:\\\/\\\/janbsfoto.dk\\\/wp-content\\\/uploads\\\/2022\\\/08\\\/39B589BB-095D-472B-AD00-A9224A9070D4.jpeg\",\"width\":1707,\"height\":2133},{\"@type\":\"BreadcrumbList\",\"@id\":\"https:\\\/\\\/janbsfoto.dk\\\/index.php\\\/gratis-portraetfotografering-i-nordsjaelland\\\/#breadcrumb\",\"itemListElement\":[{\"@type\":\"ListItem\",\"position\":1,\"name\":\"Hjem\",\"item\":\"https:\\\/\\\/janbsfoto.dk\\\/\"},{\"@type\":\"ListItem\",\"position\":2,\"name\":\"Gratis portr\u00e6tfotografering\"}]},{\"@type\":\"WebSite\",\"@id\":\"https:\\\/\\\/janbsfoto.dk\\\/#website\",\"url\":\"https:\\\/\\\/janbsfoto.dk\\\/\",\"name\":\"Hjemmefotografering\",\"description\":\"Personlige billeder i trygge rammer\",\"publisher\":{\"@id\":\"https:\\\/\\\/janbsfoto.dk\\\/#\\\/schema\\\/person\\\/8466fdb922f10e5dbc378bec3bc77812\"},\"potentialAction\":[{\"@type\":\"SearchAction\",\"target\":{\"@type\":\"EntryPoint\",\"urlTemplate\":\"https:\\\/\\\/janbsfoto.dk\\\/?s={search_term_string}\"},\"query-input\":{\"@type\":\"PropertyValueSpecification\",\"valueRequired\":true,\"valueName\":\"search_term_string\"}}],\"inLanguage\":\"da-DK\"},{\"@type\":[\"Person\",\"Organization\"],\"@id\":\"https:\\\/\\\/janbsfoto.dk\\\/#\\\/schema\\\/person\\\/8466fdb922f10e5dbc378bec3bc77812\",\"name\":\"admin\",\"image\":{\"@type\":\"ImageObject\",\"inLanguage\":\"da-DK\",\"@id\":\"https:\\\/\\\/janbsfoto.dk\\\/wp-content\\\/uploads\\\/2022\\\/07\\\/1AAB8D71-EA2B-4453-8645-688EB0ACC0DC.jpeg\",\"url\":\"https:\\\/\\\/janbsfoto.dk\\\/wp-content\\\/uploads\\\/2022\\\/07\\\/1AAB8D71-EA2B-4453-8645-688EB0ACC0DC.jpeg\",\"contentUrl\":\"https:\\\/\\\/janbsfoto.dk\\\/wp-content\\\/uploads\\\/2022\\\/07\\\/1AAB8D71-EA2B-4453-8645-688EB0ACC0DC.jpeg\",\"width\":2560,\"height\":2560,\"caption\":\"admin\"},\"logo\":{\"@id\":\"https:\\\/\\\/janbsfoto.dk\\\/wp-content\\\/uploads\\\/2022\\\/07\\\/1AAB8D71-EA2B-4453-8645-688EB0ACC0DC.jpeg\"},\"sameAs\":[\"https:\\\/\\\/janbsfoto.dk\"]}]}<\/script>\n<!-- \/ Yoast SEO plugin. -->","yoast_head_json":{"title":"Gratis portr\u00e6tfotografering - Hjemmefotografering","description":"Jeg s\u00f8ger personer til gratis portr\u00e6tfotografering i Nordsj\u00e6lland mod at jeg m\u00e5 benytte billederne i min portfolio\/markedsf\u00f8ring. Gl\u00e6der mig til at h\u00f8re fra dig.","robots":{"index":"index","follow":"follow","max-snippet":"max-snippet:-1","max-image-preview":"max-image-preview:large","max-video-preview":"max-video-preview:-1"},"canonical":"https:\/\/janbsfoto.dk\/index.php\/gratis-portraetfotografering-i-nordsjaelland\/","og_locale":"da_DK","og_type":"article","og_title":"Gratis portr\u00e6tfotografering - Hjemmefotografering","og_description":"Jeg s\u00f8ger personer til gratis portr\u00e6tfotografering i Nordsj\u00e6lland mod at jeg m\u00e5 benytte billederne i min portfolio\/markedsf\u00f8ring. Gl\u00e6der mig til at h\u00f8re fra dig.","og_url":"https:\/\/janbsfoto.dk\/index.php\/gratis-portraetfotografering-i-nordsjaelland\/","og_site_name":"Hjemmefotografering","article_modified_time":"2023-12-15T09:31:30+00:00","og_image":[{"url":"https:\/\/janbsfoto.dk\/wp-content\/uploads\/2022\/08\/39B589BB-095D-472B-AD00-A9224A9070D4-819x1024.jpeg","type":"","width":"","height":""}],"twitter_card":"summary_large_image","twitter_misc":{"Estimeret l\u00e6setid":"1 minut"},"schema":{"@context":"https:\/\/schema.org","@graph":[{"@type":"WebPage","@id":"https:\/\/janbsfoto.dk\/index.php\/gratis-portraetfotografering-i-nordsjaelland\/","url":"https:\/\/janbsfoto.dk\/index.php\/gratis-portraetfotografering-i-nordsjaelland\/","name":"Gratis portr\u00e6tfotografering - Hjemmefotografering","isPartOf":{"@id":"https:\/\/janbsfoto.dk\/#website"},"primaryImageOfPage":{"@id":"https:\/\/janbsfoto.dk\/index.php\/gratis-portraetfotografering-i-nordsjaelland\/#primaryimage"},"image":{"@id":"https:\/\/janbsfoto.dk\/index.php\/gratis-portraetfotografering-i-nordsjaelland\/#primaryimage"},"thumbnailUrl":"https:\/\/janbsfoto.dk\/wp-content\/uploads\/2022\/08\/39B589BB-095D-472B-AD00-A9224A9070D4-819x1024.jpeg","datePublished":"2022-07-26T11:47:13+00:00","dateModified":"2023-12-15T09:31:30+00:00","description":"Jeg s\u00f8ger personer til gratis portr\u00e6tfotografering i Nordsj\u00e6lland mod at jeg m\u00e5 benytte billederne i min portfolio\/markedsf\u00f8ring. Gl\u00e6der mig til at h\u00f8re fra dig.","breadcrumb":{"@id":"https:\/\/janbsfoto.dk\/index.php\/gratis-portraetfotografering-i-nordsjaelland\/#breadcrumb"},"inLanguage":"da-DK","potentialAction":[{"@type":"ReadAction","target":["https:\/\/janbsfoto.dk\/index.php\/gratis-portraetfotografering-i-nordsjaelland\/"]}]},{"@type":"ImageObject","inLanguage":"da-DK","@id":"https:\/\/janbsfoto.dk\/index.php\/gratis-portraetfotografering-i-nordsjaelland\/#primaryimage","url":"https:\/\/janbsfoto.dk\/wp-content\/uploads\/2022\/08\/39B589BB-095D-472B-AD00-A9224A9070D4.jpeg","contentUrl":"https:\/\/janbsfoto.dk\/wp-content\/uploads\/2022\/08\/39B589BB-095D-472B-AD00-A9224A9070D4.jpeg","width":1707,"height":2133},{"@type":"BreadcrumbList","@id":"https:\/\/janbsfoto.dk\/index.php\/gratis-portraetfotografering-i-nordsjaelland\/#breadcrumb","itemListElement":[{"@type":"ListItem","position":1,"name":"Hjem","item":"https:\/\/janbsfoto.dk\/"},{"@type":"ListItem","position":2,"name":"Gratis portr\u00e6tfotografering"}]},{"@type":"WebSite","@id":"https:\/\/janbsfoto.dk\/#website","url":"https:\/\/janbsfoto.dk\/","name":"Hjemmefotografering","description":"Personlige billeder i trygge rammer","publisher":{"@id":"https:\/\/janbsfoto.dk\/#\/schema\/person\/8466fdb922f10e5dbc378bec3bc77812"},"potentialAction":[{"@type":"SearchAction","target":{"@type":"EntryPoint","urlTemplate":"https:\/\/janbsfoto.dk\/?s={search_term_string}"},"query-input":{"@type":"PropertyValueSpecification","valueRequired":true,"valueName":"search_term_string"}}],"inLanguage":"da-DK"},{"@type":["Person","Organization"],"@id":"https:\/\/janbsfoto.dk\/#\/schema\/person\/8466fdb922f10e5dbc378bec3bc77812","name":"admin","image":{"@type":"ImageObject","inLanguage":"da-DK","@id":"https:\/\/janbsfoto.dk\/wp-content\/uploads\/2022\/07\/1AAB8D71-EA2B-4453-8645-688EB0ACC0DC.jpeg","url":"https:\/\/janbsfoto.dk\/wp-content\/uploads\/2022\/07\/1AAB8D71-EA2B-4453-8645-688EB0ACC0DC.jpeg","contentUrl":"https:\/\/janbsfoto.dk\/wp-content\/uploads\/2022\/07\/1AAB8D71-EA2B-4453-8645-688EB0ACC0DC.jpeg","width":2560,"height":2560,"caption":"admin"},"logo":{"@id":"https:\/\/janbsfoto.dk\/wp-content\/uploads\/2022\/07\/1AAB8D71-EA2B-4453-8645-688EB0ACC0DC.jpeg"},"sameAs":["https:\/\/janbsfoto.dk"]}]}},"jetpack_sharing_enabled":true,"_links":{"self":[{"href":"https:\/\/janbsfoto.dk\/index.php\/wp-json\/wp\/v2\/pages\/348","targetHints":{"allow":["GET"]}}],"collection":[{"href":"https:\/\/janbsfoto.dk\/index.php\/wp-json\/wp\/v2\/pages"}],"about":[{"href":"https:\/\/janbsfoto.dk\/index.php\/wp-json\/wp\/v2\/types\/page"}],"author":[{"embeddable":true,"href":"https:\/\/janbsfoto.dk\/index.php\/wp-json\/wp\/v2\/users\/1"}],"replies":[{"embeddable":true,"href":"https:\/\/janbsfoto.dk\/index.php\/wp-json\/wp\/v2\/comments?post=348"}],"version-history":[{"count":15,"href":"https:\/\/janbsfoto.dk\/index.php\/wp-json\/wp\/v2\/pages\/348\/revisions"}],"predecessor-version":[{"id":605,"href":"https:\/\/janbsfoto.dk\/index.php\/wp-json\/wp\/v2\/pages\/348\/revisions\/605"}],"wp:attachment":[{"href":"https:\/\/janbsfoto.dk\/index.php\/wp-json\/wp\/v2\/media?parent=348"}],"curies":[{"name":"wp","href":"https:\/\/api.w.org\/{rel}","templated":true}]}}