{"id":389,"date":"2022-07-26T15:22:55","date_gmt":"2022-07-26T13:22:55","guid":{"rendered":"https:\/\/janbsfoto.dk\/?page_id=389"},"modified":"2023-12-07T15:57:08","modified_gmt":"2023-12-07T14:57:08","slug":"gratis-portraetfotografering-i-nordsjaelland-2","status":"publish","type":"page","link":"https:\/\/janbsfoto.dk\/index.php\/gratis-portraetfotografering-i-nordsjaelland-2\/","title":{"rendered":"Priser"},"content":{"rendered":"\n<p>Gratis portr\u00e6tfotografering i Nordsj\u00e6lland.<\/p>\n\n\n\n<figure class=\"wp-block-image size-full is-resized\"><img fetchpriority=\"high\" decoding=\"async\" width=\"346\" height=\"519\" src=\"https:\/\/janbsfoto.dk\/wp-content\/uploads\/2023\/12\/MG_8982-Enhanced-NR-Edit.jpg\" alt=\"\" class=\"wp-image-594\" style=\"width:195px;height:auto\" srcset=\"https:\/\/janbsfoto.dk\/wp-content\/uploads\/2023\/12\/MG_8982-Enhanced-NR-Edit.jpg 346w, https:\/\/janbsfoto.dk\/wp-content\/uploads\/2023\/12\/MG_8982-Enhanced-NR-Edit-200x300.jpg 200w\" sizes=\"(max-width: 346px) 100vw, 346px\" \/><\/figure>\n\n\n\n<p>Jeg skal blot have mine transportomkostninger d\u00e6kket.<\/p>\n","protected":false},"excerpt":{"rendered":"<p>Gratis portr\u00e6tfotografering i Nordsj\u00e6lland. Jeg [&hellip;]<\/p>\n","protected":false},"author":1,"featured_media":0,"parent":0,"menu_order":0,"comment_status":"closed","ping_status":"closed","template":"","meta":{"_monsterinsights_skip_tracking":false,"_monsterinsights_sitenote_active":false,"_monsterinsights_sitenote_note":"","_monsterinsights_sitenote_category":0,"footnotes":""},"class_list":["post-389","page","type-page","status-publish","hentry"],"yoast_head":"<!-- This site is optimized with the Yoast SEO plugin v27.5 - https:\/\/yoast.com\/product\/yoast-seo-wordpress\/ -->\n<title>Priser<\/title>\n<meta name=\"description\" content=\"Gratis portr\u00e6tfotografering i Nordsj\u00e6lland mod at jeg m\u00e5 benytte billederne i min markedsf\u00f8ring. Jeg skal blot have mine transportomkostninger d\u00e6kket.\" \/>\n<meta name=\"robots\" content=\"index, follow, max-snippet:-1, max-image-preview:large, max-video-preview:-1\" \/>\n<link rel=\"canonical\" href=\"https:\/\/janbsfoto.dk\/index.php\/gratis-portraetfotografering-i-nordsjaelland-2\/\" \/>\n<meta property=\"og:locale\" content=\"da_DK\" \/>\n<meta property=\"og:type\" content=\"article\" \/>\n<meta property=\"og:title\" content=\"Priser\" \/>\n<meta property=\"og:description\" content=\"Gratis portr\u00e6tfotografering i Nordsj\u00e6lland mod at jeg m\u00e5 benytte billederne i min markedsf\u00f8ring. Jeg skal blot have mine transportomkostninger d\u00e6kket.\" \/>\n<meta property=\"og:url\" content=\"https:\/\/janbsfoto.dk\/index.php\/gratis-portraetfotografering-i-nordsjaelland-2\/\" \/>\n<meta property=\"og:site_name\" content=\"Hjemmefotografering\" \/>\n<meta property=\"article:modified_time\" content=\"2023-12-07T14:57:08+00:00\" \/>\n<meta property=\"og:image\" content=\"https:\/\/janbsfoto.dk\/wp-content\/uploads\/2023\/12\/MG_8982-Enhanced-NR-Edit.jpg\" \/>\n<meta name=\"twitter:card\" content=\"summary_large_image\" \/>\n<meta name=\"twitter:label1\" content=\"Estimeret l\u00e6setid\" \/>\n\t<meta name=\"twitter:data1\" content=\"1 minut\" \/>\n<script type=\"application\/ld+json\" class=\"yoast-schema-graph\">{\"@context\":\"https:\\\/\\\/schema.org\",\"@graph\":[{\"@type\":\"WebPage\",\"@id\":\"https:\\\/\\\/janbsfoto.dk\\\/index.php\\\/gratis-portraetfotografering-i-nordsjaelland-2\\\/\",\"url\":\"https:\\\/\\\/janbsfoto.dk\\\/index.php\\\/gratis-portraetfotografering-i-nordsjaelland-2\\\/\",\"name\":\"Priser\",\"isPartOf\":{\"@id\":\"https:\\\/\\\/janbsfoto.dk\\\/#website\"},\"primaryImageOfPage\":{\"@id\":\"https:\\\/\\\/janbsfoto.dk\\\/index.php\\\/gratis-portraetfotografering-i-nordsjaelland-2\\\/#primaryimage\"},\"image\":{\"@id\":\"https:\\\/\\\/janbsfoto.dk\\\/index.php\\\/gratis-portraetfotografering-i-nordsjaelland-2\\\/#primaryimage\"},\"thumbnailUrl\":\"https:\\\/\\\/janbsfoto.dk\\\/wp-content\\\/uploads\\\/2023\\\/12\\\/MG_8982-Enhanced-NR-Edit.jpg\",\"datePublished\":\"2022-07-26T13:22:55+00:00\",\"dateModified\":\"2023-12-07T14:57:08+00:00\",\"description\":\"Gratis portr\u00e6tfotografering i Nordsj\u00e6lland mod at jeg m\u00e5 benytte billederne i min markedsf\u00f8ring. Jeg skal blot have mine transportomkostninger d\u00e6kket.\",\"breadcrumb\":{\"@id\":\"https:\\\/\\\/janbsfoto.dk\\\/index.php\\\/gratis-portraetfotografering-i-nordsjaelland-2\\\/#breadcrumb\"},\"inLanguage\":\"da-DK\",\"potentialAction\":[{\"@type\":\"ReadAction\",\"target\":[\"https:\\\/\\\/janbsfoto.dk\\\/index.php\\\/gratis-portraetfotografering-i-nordsjaelland-2\\\/\"]}]},{\"@type\":\"ImageObject\",\"inLanguage\":\"da-DK\",\"@id\":\"https:\\\/\\\/janbsfoto.dk\\\/index.php\\\/gratis-portraetfotografering-i-nordsjaelland-2\\\/#primaryimage\",\"url\":\"https:\\\/\\\/janbsfoto.dk\\\/wp-content\\\/uploads\\\/2023\\\/12\\\/MG_8982-Enhanced-NR-Edit.jpg\",\"contentUrl\":\"https:\\\/\\\/janbsfoto.dk\\\/wp-content\\\/uploads\\\/2023\\\/12\\\/MG_8982-Enhanced-NR-Edit.jpg\",\"width\":346,\"height\":519},{\"@type\":\"BreadcrumbList\",\"@id\":\"https:\\\/\\\/janbsfoto.dk\\\/index.php\\\/gratis-portraetfotografering-i-nordsjaelland-2\\\/#breadcrumb\",\"itemListElement\":[{\"@type\":\"ListItem\",\"position\":1,\"name\":\"Hjem\",\"item\":\"https:\\\/\\\/janbsfoto.dk\\\/\"},{\"@type\":\"ListItem\",\"position\":2,\"name\":\"Priser\"}]},{\"@type\":\"WebSite\",\"@id\":\"https:\\\/\\\/janbsfoto.dk\\\/#website\",\"url\":\"https:\\\/\\\/janbsfoto.dk\\\/\",\"name\":\"Hjemmefotografering\",\"description\":\"Personlige billeder i trygge rammer\",\"publisher\":{\"@id\":\"https:\\\/\\\/janbsfoto.dk\\\/#\\\/schema\\\/person\\\/8466fdb922f10e5dbc378bec3bc77812\"},\"potentialAction\":[{\"@type\":\"SearchAction\",\"target\":{\"@type\":\"EntryPoint\",\"urlTemplate\":\"https:\\\/\\\/janbsfoto.dk\\\/?s={search_term_string}\"},\"query-input\":{\"@type\":\"PropertyValueSpecification\",\"valueRequired\":true,\"valueName\":\"search_term_string\"}}],\"inLanguage\":\"da-DK\"},{\"@type\":[\"Person\",\"Organization\"],\"@id\":\"https:\\\/\\\/janbsfoto.dk\\\/#\\\/schema\\\/person\\\/8466fdb922f10e5dbc378bec3bc77812\",\"name\":\"admin\",\"image\":{\"@type\":\"ImageObject\",\"inLanguage\":\"da-DK\",\"@id\":\"https:\\\/\\\/janbsfoto.dk\\\/wp-content\\\/uploads\\\/2022\\\/07\\\/1AAB8D71-EA2B-4453-8645-688EB0ACC0DC.jpeg\",\"url\":\"https:\\\/\\\/janbsfoto.dk\\\/wp-content\\\/uploads\\\/2022\\\/07\\\/1AAB8D71-EA2B-4453-8645-688EB0ACC0DC.jpeg\",\"contentUrl\":\"https:\\\/\\\/janbsfoto.dk\\\/wp-content\\\/uploads\\\/2022\\\/07\\\/1AAB8D71-EA2B-4453-8645-688EB0ACC0DC.jpeg\",\"width\":2560,\"height\":2560,\"caption\":\"admin\"},\"logo\":{\"@id\":\"https:\\\/\\\/janbsfoto.dk\\\/wp-content\\\/uploads\\\/2022\\\/07\\\/1AAB8D71-EA2B-4453-8645-688EB0ACC0DC.jpeg\"},\"sameAs\":[\"https:\\\/\\\/janbsfoto.dk\"]}]}<\/script>\n<!-- \/ Yoast SEO plugin. -->","yoast_head_json":{"title":"Priser","description":"Gratis portr\u00e6tfotografering i Nordsj\u00e6lland mod at jeg m\u00e5 benytte billederne i min markedsf\u00f8ring. Jeg skal blot have mine transportomkostninger d\u00e6kket.","robots":{"index":"index","follow":"follow","max-snippet":"max-snippet:-1","max-image-preview":"max-image-preview:large","max-video-preview":"max-video-preview:-1"},"canonical":"https:\/\/janbsfoto.dk\/index.php\/gratis-portraetfotografering-i-nordsjaelland-2\/","og_locale":"da_DK","og_type":"article","og_title":"Priser","og_description":"Gratis portr\u00e6tfotografering i Nordsj\u00e6lland mod at jeg m\u00e5 benytte billederne i min markedsf\u00f8ring. Jeg skal blot have mine transportomkostninger d\u00e6kket.","og_url":"https:\/\/janbsfoto.dk\/index.php\/gratis-portraetfotografering-i-nordsjaelland-2\/","og_site_name":"Hjemmefotografering","article_modified_time":"2023-12-07T14:57:08+00:00","og_image":[{"url":"https:\/\/janbsfoto.dk\/wp-content\/uploads\/2023\/12\/MG_8982-Enhanced-NR-Edit.jpg","type":"","width":"","height":""}],"twitter_card":"summary_large_image","twitter_misc":{"Estimeret l\u00e6setid":"1 minut"},"schema":{"@context":"https:\/\/schema.org","@graph":[{"@type":"WebPage","@id":"https:\/\/janbsfoto.dk\/index.php\/gratis-portraetfotografering-i-nordsjaelland-2\/","url":"https:\/\/janbsfoto.dk\/index.php\/gratis-portraetfotografering-i-nordsjaelland-2\/","name":"Priser","isPartOf":{"@id":"https:\/\/janbsfoto.dk\/#website"},"primaryImageOfPage":{"@id":"https:\/\/janbsfoto.dk\/index.php\/gratis-portraetfotografering-i-nordsjaelland-2\/#primaryimage"},"image":{"@id":"https:\/\/janbsfoto.dk\/index.php\/gratis-portraetfotografering-i-nordsjaelland-2\/#primaryimage"},"thumbnailUrl":"https:\/\/janbsfoto.dk\/wp-content\/uploads\/2023\/12\/MG_8982-Enhanced-NR-Edit.jpg","datePublished":"2022-07-26T13:22:55+00:00","dateModified":"2023-12-07T14:57:08+00:00","description":"Gratis portr\u00e6tfotografering i Nordsj\u00e6lland mod at jeg m\u00e5 benytte billederne i min markedsf\u00f8ring. Jeg skal blot have mine transportomkostninger d\u00e6kket.","breadcrumb":{"@id":"https:\/\/janbsfoto.dk\/index.php\/gratis-portraetfotografering-i-nordsjaelland-2\/#breadcrumb"},"inLanguage":"da-DK","potentialAction":[{"@type":"ReadAction","target":["https:\/\/janbsfoto.dk\/index.php\/gratis-portraetfotografering-i-nordsjaelland-2\/"]}]},{"@type":"ImageObject","inLanguage":"da-DK","@id":"https:\/\/janbsfoto.dk\/index.php\/gratis-portraetfotografering-i-nordsjaelland-2\/#primaryimage","url":"https:\/\/janbsfoto.dk\/wp-content\/uploads\/2023\/12\/MG_8982-Enhanced-NR-Edit.jpg","contentUrl":"https:\/\/janbsfoto.dk\/wp-content\/uploads\/2023\/12\/MG_8982-Enhanced-NR-Edit.jpg","width":346,"height":519},{"@type":"BreadcrumbList","@id":"https:\/\/janbsfoto.dk\/index.php\/gratis-portraetfotografering-i-nordsjaelland-2\/#breadcrumb","itemListElement":[{"@type":"ListItem","position":1,"name":"Hjem","item":"https:\/\/janbsfoto.dk\/"},{"@type":"ListItem","position":2,"name":"Priser"}]},{"@type":"WebSite","@id":"https:\/\/janbsfoto.dk\/#website","url":"https:\/\/janbsfoto.dk\/","name":"Hjemmefotografering","description":"Personlige billeder i trygge rammer","publisher":{"@id":"https:\/\/janbsfoto.dk\/#\/schema\/person\/8466fdb922f10e5dbc378bec3bc77812"},"potentialAction":[{"@type":"SearchAction","target":{"@type":"EntryPoint","urlTemplate":"https:\/\/janbsfoto.dk\/?s={search_term_string}"},"query-input":{"@type":"PropertyValueSpecification","valueRequired":true,"valueName":"search_term_string"}}],"inLanguage":"da-DK"},{"@type":["Person","Organization"],"@id":"https:\/\/janbsfoto.dk\/#\/schema\/person\/8466fdb922f10e5dbc378bec3bc77812","name":"admin","image":{"@type":"ImageObject","inLanguage":"da-DK","@id":"https:\/\/janbsfoto.dk\/wp-content\/uploads\/2022\/07\/1AAB8D71-EA2B-4453-8645-688EB0ACC0DC.jpeg","url":"https:\/\/janbsfoto.dk\/wp-content\/uploads\/2022\/07\/1AAB8D71-EA2B-4453-8645-688EB0ACC0DC.jpeg","contentUrl":"https:\/\/janbsfoto.dk\/wp-content\/uploads\/2022\/07\/1AAB8D71-EA2B-4453-8645-688EB0ACC0DC.jpeg","width":2560,"height":2560,"caption":"admin"},"logo":{"@id":"https:\/\/janbsfoto.dk\/wp-content\/uploads\/2022\/07\/1AAB8D71-EA2B-4453-8645-688EB0ACC0DC.jpeg"},"sameAs":["https:\/\/janbsfoto.dk"]}]}},"jetpack_sharing_enabled":true,"_links":{"self":[{"href":"https:\/\/janbsfoto.dk\/index.php\/wp-json\/wp\/v2\/pages\/389","targetHints":{"allow":["GET"]}}],"collection":[{"href":"https:\/\/janbsfoto.dk\/index.php\/wp-json\/wp\/v2\/pages"}],"about":[{"href":"https:\/\/janbsfoto.dk\/index.php\/wp-json\/wp\/v2\/types\/page"}],"author":[{"embeddable":true,"href":"https:\/\/janbsfoto.dk\/index.php\/wp-json\/wp\/v2\/users\/1"}],"replies":[{"embeddable":true,"href":"https:\/\/janbsfoto.dk\/index.php\/wp-json\/wp\/v2\/comments?post=389"}],"version-history":[{"count":9,"href":"https:\/\/janbsfoto.dk\/index.php\/wp-json\/wp\/v2\/pages\/389\/revisions"}],"predecessor-version":[{"id":597,"href":"https:\/\/janbsfoto.dk\/index.php\/wp-json\/wp\/v2\/pages\/389\/revisions\/597"}],"wp:attachment":[{"href":"https:\/\/janbsfoto.dk\/index.php\/wp-json\/wp\/v2\/media?parent=389"}],"curies":[{"name":"wp","href":"https:\/\/api.w.org\/{rel}","templated":true}]}}